{"id":3309,"date":"2025-05-28T19:12:52","date_gmt":"2025-05-28T17:12:52","guid":{"rendered":"https:\/\/benninut.de\/affiliate-dashboard\/"},"modified":"2025-05-31T18:23:22","modified_gmt":"2025-05-31T16:23:22","slug":"affiliate","status":"publish","type":"page","link":"https:\/\/benninut.de\/en\/affiliate\/","title":{"rendered":"Affiliate"},"content":{"rendered":"<div data-elementor-type=\"wp-page\" data-elementor-id=\"3309\" class=\"elementor elementor-3309\" data-elementor-post-type=\"page\">\n\t\t\t\t<div class=\"wd-negative-gap elementor-element elementor-element-207ad7cb e-flex e-con-boxed e-con e-parent\" data-id=\"207ad7cb\" data-element_type=\"container\" data-settings=\"{&quot;background_background&quot;:&quot;classic&quot;}\">\n\t\t\t\t\t<div class=\"e-con-inner\">\n\t\t\t\t<div class=\"elementor-element elementor-element-54ceaa07 color-scheme-inherit text-left elementor-widget elementor-widget-text-editor\" data-id=\"54ceaa07\" data-element_type=\"widget\" data-widget_type=\"text-editor.default\">\n\t\t\t\t<div class=\"elementor-widget-container\">\n\t\t\t\t\t\t\t\t\t<div class=\"yith-wcaf yith-wcaf-registration-form woocommerce\">\n<div class=\"forms-container\">\n<h2 class=\"register-title\">\n\t\t\t\t\t\tRegister\t\t\t\t\t<\/h2>\n<div class=\"register-form\">\n<form method=\"post\" class=\"register\" action=\"\">\n<p class=\"form-row validate-required\" id=\"profile_first_name_field\" data-priority=\"\"><label for=\"profile_first_name\" class=\"required_field\">First name&nbsp;<span class=\"required\" aria-hidden=\"true\">*<\/span><\/label><span class=\"woocommerce-input-wrapper\"><input type=\"text\" class=\"input-text\" name=\"first_name\" id=\"profile_first_name\" placeholder=\"\"  value=\"\" aria-required=\"true\" \/><\/span><\/p>\n<p class=\"form-row validate-required\" id=\"profile_last_name_field\" data-priority=\"\"><label for=\"profile_last_name\" class=\"required_field\">Last name&nbsp;<span class=\"required\" aria-hidden=\"true\">*<\/span><\/label><span class=\"woocommerce-input-wrapper\"><input type=\"text\" class=\"input-text\" name=\"last_name\" id=\"profile_last_name\" placeholder=\"\"  value=\"\" aria-required=\"true\" \/><\/span><\/p>\n<p class=\"form-row validate-required\" id=\"profile_email_field\" data-priority=\"\"><label for=\"profile_email\" class=\"required_field\">Email address&nbsp;<span class=\"required\" aria-hidden=\"true\">*<\/span><\/label><span class=\"woocommerce-input-wrapper\"><input type=\"email\" class=\"input-text\" name=\"email\" id=\"profile_email\" placeholder=\"\"  value=\"\" aria-required=\"true\" \/><\/span><\/p>\n<p class=\"form-row validate-required\" id=\"profile_password_field\" data-priority=\"\"><label for=\"profile_password\" class=\"required_field\">Password&nbsp;<span class=\"required\" aria-hidden=\"true\">*<\/span><\/label><span class=\"woocommerce-input-wrapper\"><input type=\"password\" class=\"input-text\" name=\"password\" id=\"profile_password\" placeholder=\"\"  value=\"\" aria-required=\"true\" \/><\/span><\/p>\n<p class=\"form-row\">\n\t\t\t\t<span class=\"woocommerce-privacy-policy-text\"><br \/>\n\t\t\t\t\tWir verwenden Ihre personenbezogenen Daten, um eine m\u00f6glichst gute Benutzererfahrung auf dieser Website zu erm\u00f6glichen, den Zugriff auf Ihr Konto zu verwalten und f\u00fcr weitere Zwecke, die in unserer <a href=\"https:\/\/benninut.de\/en\/privacy-policy\/\" class=\"woocommerce-privacy-policy-link\" target=\"_blank\" data-no-translation=\"\" data-trp-gettext=\"\">privacy policy<\/a> beschrieben sind.\t\t\t\t<\/span>\n\t\t\t<\/p>\n<p class=\"form-row terms-label validate-required\" id=\"profile_terms_field\" data-priority=\"\"><span class=\"woocommerce-input-wrapper\"><label class=\"checkbox terms-label\" ><input type=\"checkbox\" name=\"terms\" id=\"profile_terms\" value=\"1\" class=\"input-checkbox\"  aria-required=\"true\" \/> I have the <a href=\"https:\/\/benninut.de\/en\/privacy-policy\/\" class=\"woocommerce-terms-and-conditions-link\" target=\"_blank\" data-no-translation=\"\" data-trp-gettext=\"\">terms and conditions<\/a> gelesen und stimme ihnen zu.&nbsp;<span class=\"required\" aria-hidden=\"true\">*<\/span><\/label><\/span><\/p>\n<p>\t\t\t\t\t\t<wc-order-attribution-inputs><\/wc-order-attribution-inputs><\/p>\n<p class=\"form-row\">\n\t\t\t\t\t\t\t<input type=\"hidden\" id=\"woocommerce-register-nonce\" name=\"woocommerce-register-nonce\" value=\"8c61ca239e\" \/><input type=\"hidden\" name=\"_wp_http_referer\" value=\"\/en\/wp-json\/wp\/v2\/pages\/3309\" \/>\t\t\t\t\t\t\t<input type=\"hidden\" id=\"register_affiliate\" name=\"register_affiliate\" value=\"f14bac7ae1\" \/><br \/>\n\t\t\t\t\t\t\t<input type=\"submit\" class=\"button\" name=\"register\" value=\"Register\"\/>\n\t\t\t\t\t\t<\/p>\n<\/p><input type=\"hidden\" name=\"trp-form-language\" value=\"en\"\/><\/form>\n<\/p><\/div>\n<\/p><\/div>\n<\/p><\/div><\/p>\n\t\t\t\t\t\t\t\t<\/div>\n\t\t\t\t<\/div>\n\t\t\t\t\t<\/div>\n\t\t\t\t<\/div>\n\t\t\t\t<\/div>","protected":false},"excerpt":{"rendered":"","protected":false},"author":1,"featured_media":0,"parent":0,"menu_order":0,"comment_status":"closed","ping_status":"closed","template":"","meta":{"footnotes":""},"class_list":["post-3309","page","type-page","status-publish","hentry"],"_links":{"self":[{"href":"https:\/\/benninut.de\/en\/wp-json\/wp\/v2\/pages\/3309","targetHints":{"allow":["GET"]}}],"collection":[{"href":"https:\/\/benninut.de\/en\/wp-json\/wp\/v2\/pages"}],"about":[{"href":"https:\/\/benninut.de\/en\/wp-json\/wp\/v2\/types\/page"}],"author":[{"embeddable":true,"href":"https:\/\/benninut.de\/en\/wp-json\/wp\/v2\/users\/1"}],"replies":[{"embeddable":true,"href":"https:\/\/benninut.de\/en\/wp-json\/wp\/v2\/comments?post=3309"}],"version-history":[{"count":5,"href":"https:\/\/benninut.de\/en\/wp-json\/wp\/v2\/pages\/3309\/revisions"}],"predecessor-version":[{"id":3548,"href":"https:\/\/benninut.de\/en\/wp-json\/wp\/v2\/pages\/3309\/revisions\/3548"}],"wp:attachment":[{"href":"https:\/\/benninut.de\/en\/wp-json\/wp\/v2\/media?parent=3309"}],"curies":[{"name":"wp","href":"https:\/\/api.w.org\/{rel}","templated":true}]}}