{"id":2581,"date":"2025-05-16T16:42:49","date_gmt":"2025-05-16T14:42:49","guid":{"rendered":"https:\/\/benninut.de\/?page_id=2581"},"modified":"2025-05-27T20:03:18","modified_gmt":"2025-05-27T18:03:18","slug":"unser-team","status":"publish","type":"page","link":"https:\/\/benninut.de\/en\/unser-team\/","title":{"rendered":"Our Team"},"content":{"rendered":"<div data-elementor-type=\"wp-page\" data-elementor-id=\"2581\" class=\"elementor elementor-2581\" data-elementor-post-type=\"page\">\n\t\t\t\t<div class=\"wd-negative-gap elementor-element elementor-element-e996d1a e-flex e-con-boxed e-con e-parent\" data-id=\"e996d1a\" data-element_type=\"container\">\n\t\t\t\t\t<div class=\"e-con-inner\">\n\t\t<div class=\"elementor-element elementor-element-838a5bc e-con-full e-flex e-con e-child\" data-id=\"838a5bc\" data-element_type=\"container\" data-settings=\"{&quot;background_background&quot;:&quot;classic&quot;}\">\n\t\t<div class=\"wd-negative-gap elementor-element elementor-element-898947d e-flex e-con-boxed e-con e-child\" data-id=\"898947d\" data-element_type=\"container\">\n\t\t\t\t\t<div class=\"e-con-inner\">\n\t\t<div class=\"elementor-element elementor-element-7af65a3 e-con-full e-flex e-con e-child\" data-id=\"7af65a3\" data-element_type=\"container\">\n\t\t<div class=\"elementor-element elementor-element-9c2e6c8 e-con-full e-flex e-con e-child\" data-id=\"9c2e6c8\" data-element_type=\"container\" data-settings=\"{&quot;background_background&quot;:&quot;classic&quot;}\">\n\t\t\t\t<div class=\"elementor-element elementor-element-b79d6ef elementor-widget elementor-widget-wd_image_or_svg\" data-id=\"b79d6ef\" data-element_type=\"widget\" data-widget_type=\"wd_image_or_svg.default\">\n\t\t\t\t<div class=\"elementor-widget-container\">\n\t\t\t\t\t\n\t\t<div class=\"wd-image text-center\">\n\t\t\t\t\t\t\t\t<img fetchpriority=\"high\" decoding=\"async\" width=\"683\" height=\"1024\" src=\"https:\/\/benninut.de\/wp-content\/uploads\/2025\/05\/WhatsApp-Image-2025-05-27-at-18.09.49-683x1024.jpeg\" class=\"attachment-large size-large\" alt=\"\" srcset=\"https:\/\/benninut.de\/wp-content\/uploads\/2025\/05\/WhatsApp-Image-2025-05-27-at-18.09.49-683x1024.jpeg 683w, https:\/\/benninut.de\/wp-content\/uploads\/2025\/05\/WhatsApp-Image-2025-05-27-at-18.09.49-200x300.jpeg 200w, https:\/\/benninut.de\/wp-content\/uploads\/2025\/05\/WhatsApp-Image-2025-05-27-at-18.09.49-768x1152.jpeg 768w, https:\/\/benninut.de\/wp-content\/uploads\/2025\/05\/WhatsApp-Image-2025-05-27-at-18.09.49-8x12.jpeg 8w, https:\/\/benninut.de\/wp-content\/uploads\/2025\/05\/WhatsApp-Image-2025-05-27-at-18.09.49-150x225.jpeg 150w, https:\/\/benninut.de\/wp-content\/uploads\/2025\/05\/WhatsApp-Image-2025-05-27-at-18.09.49.jpeg 1024w\" sizes=\"(max-width: 683px) 100vw, 683px\" \/>\t\t\t\t\t<\/div>\n\n\t\t\t\t\t\t<\/div>\n\t\t\t\t<\/div>\n\t\t\t\t<\/div>\n\t\t\t\t<\/div>\n\t\t<div class=\"elementor-element elementor-element-82653fb e-con-full e-flex e-con e-child\" data-id=\"82653fb\" data-element_type=\"container\">\n\t\t<div class=\"elementor-element elementor-element-44f082f e-con-full e-flex e-con e-child\" data-id=\"44f082f\" data-element_type=\"container\" data-settings=\"{&quot;background_background&quot;:&quot;classic&quot;}\">\n\t\t\t\t<div class=\"elementor-element elementor-element-0f2caa0 wd-width-100 elementor-widget elementor-widget-wd_title\" data-id=\"0f2caa0\" data-element_type=\"widget\" data-widget_type=\"wd_title.default\">\n\t\t\t\t<div class=\"elementor-widget-container\">\n\t\t\t\t\t\t\t<div class=\"title-wrapper wd-set-mb reset-last-child wd-title-color-default wd-title-style-default wd-title-size-default text-left\">\n\n\t\t\t\n\t\t\t<div class=\"liner-continer\">\n\t\t\t\t<h4 class=\"woodmart-title-container title wd-fontsize-l\">Unser Team \u2013 Die Kraft hinter der Qualit\u00e4t<\/h4> \n\t\t\t\t\t\t\t<\/div>\n\n\t\t\t\t\t<\/div>\n\t\t\t\t\t\t<\/div>\n\t\t\t\t<\/div>\n\t\t\t\t<div class=\"elementor-element elementor-element-2289bd9 elementor-widget elementor-widget-wd_text_block\" data-id=\"2289bd9\" data-element_type=\"widget\" data-widget_type=\"wd_text_block.default\">\n\t\t\t\t<div class=\"elementor-widget-container\">\n\t\t\t\t\t\t\t<div class=\"wd-text-block reset-last-child text-left\">\n\t\t\t\n\t\t\t<p>Bei uns entstehen au\u00dfergew\u00f6hnliche Produkte nicht zuf\u00e4llig. Hinter jeder Lieferung steht ein engagiertes Team \u2013 unsichtbar f\u00fcr den Kunden, aber unverzichtbar f\u00fcr das, was wir schaffen.<\/p><p>Unser Team vereint Fachwissen aus den Bereichen Lebensmittelsicherheit, Qualit\u00e4tsmanagement, Design, Logistik und Markenentwicklung. Was uns verbindet, ist die Leidenschaft f\u00fcr authentische, naturbelassene Qualit\u00e4t.<\/p><p>Wir arbeiten standort\u00fcbergreifend, digital vernetzt und mit einem feinen Gesp\u00fcr f\u00fcr Nachhaltigkeit, kulturelle Werte und echten Genuss. Unsere Abl\u00e4ufe sind pr\u00e4zise, unser Denken flexibel \u2013 denn wir wissen: Exzellenz liegt im Detail.<\/p><p>F\u00fcr uns sind Transparenz, Integrit\u00e4t und h\u00f6chste Standards keine leeren Worte, sondern Grunds\u00e4tze, die unser t\u00e4gliches Handeln bestimmen.<\/p><p>Wir stehen nicht im Rampenlicht \u2013 aber wir stehen mit Herz und Verantwortung hinter jedem Erlebnis, das unsere Kundinnen und Kunden mit uns verbinden.<\/p>\n\t\t\t\t\t<\/div>\n\t\t\t\t\t\t<\/div>\n\t\t\t\t<\/div>\n\t\t\t\t<\/div>\n\t\t\t\t<\/div>\n\t\t\t\t\t<\/div>\n\t\t\t\t<\/div>\n\t\t\t\t<\/div>\n\t\t\t\t\t<\/div>\n\t\t\t\t<\/div>\n\t\t\t\t<\/div>","protected":false},"excerpt":{"rendered":"<p>Unser Team \u2013 Die Kraft hinter der Qualit\u00e4t Bei uns entstehen au\u00dfergew\u00f6hnliche Produkte nicht zuf\u00e4llig. Hinter jeder Lieferung steht ein<\/p>","protected":false},"author":1,"featured_media":0,"parent":0,"menu_order":0,"comment_status":"closed","ping_status":"closed","template":"","meta":{"footnotes":""},"class_list":["post-2581","page","type-page","status-publish","hentry"],"_links":{"self":[{"href":"https:\/\/benninut.de\/en\/wp-json\/wp\/v2\/pages\/2581","targetHints":{"allow":["GET"]}}],"collection":[{"href":"https:\/\/benninut.de\/en\/wp-json\/wp\/v2\/pages"}],"about":[{"href":"https:\/\/benninut.de\/en\/wp-json\/wp\/v2\/types\/page"}],"author":[{"embeddable":true,"href":"https:\/\/benninut.de\/en\/wp-json\/wp\/v2\/users\/1"}],"replies":[{"embeddable":true,"href":"https:\/\/benninut.de\/en\/wp-json\/wp\/v2\/comments?post=2581"}],"version-history":[{"count":13,"href":"https:\/\/benninut.de\/en\/wp-json\/wp\/v2\/pages\/2581\/revisions"}],"predecessor-version":[{"id":3219,"href":"https:\/\/benninut.de\/en\/wp-json\/wp\/v2\/pages\/2581\/revisions\/3219"}],"wp:attachment":[{"href":"https:\/\/benninut.de\/en\/wp-json\/wp\/v2\/media?parent=2581"}],"curies":[{"name":"wp","href":"https:\/\/api.w.org\/{rel}","templated":true}]}}