{"id":2569,"date":"2025-05-16T16:40:34","date_gmt":"2025-05-16T14:40:34","guid":{"rendered":"https:\/\/benninut.de\/?page_id=2569"},"modified":"2025-05-28T16:50:09","modified_gmt":"2025-05-28T14:50:09","slug":"impressum","status":"publish","type":"page","link":"https:\/\/benninut.de\/en\/impressum\/","title":{"rendered":"imprint"},"content":{"rendered":"<div data-elementor-type=\"wp-page\" data-elementor-id=\"2569\" class=\"elementor elementor-2569\" data-elementor-post-type=\"page\">\n\t\t\t\t<div class=\"wd-negative-gap elementor-element elementor-element-d80ebc2 e-flex e-con-boxed e-con e-parent\" data-id=\"d80ebc2\" data-element_type=\"container\">\n\t\t\t\t\t<div class=\"e-con-inner\">\n\t\t<div class=\"elementor-element elementor-element-559f039 e-con-full e-flex e-con e-child\" data-id=\"559f039\" data-element_type=\"container\" data-settings=\"{&quot;background_background&quot;:&quot;classic&quot;}\">\n\t\t\t\t<div class=\"elementor-element elementor-element-8f174a7 wd-width-100 elementor-widget elementor-widget-wd_title\" data-id=\"8f174a7\" data-element_type=\"widget\" data-widget_type=\"wd_title.default\">\n\t\t\t\t<div class=\"elementor-widget-container\">\n\t\t\t\t\t\t\t<div class=\"title-wrapper wd-set-mb reset-last-child wd-title-color-default wd-title-style-default wd-title-size-default text-left\">\n\n\t\t\t\n\t\t\t<div class=\"liner-continer\">\n\t\t\t\t<h4 class=\"woodmart-title-container title wd-fontsize-l\">Angaben gem\u00e4\u00df \u00a7 5 TMG:<\/h4> \n\t\t\t\t\t\t\t<\/div>\n\n\t\t\t\t\t<\/div>\n\t\t\t\t\t\t<\/div>\n\t\t\t\t<\/div>\n\t\t\t\t<div class=\"elementor-element elementor-element-94bcaa0 elementor-widget elementor-widget-wd_text_block\" data-id=\"94bcaa0\" data-element_type=\"widget\" data-widget_type=\"wd_text_block.default\">\n\t\t\t\t<div class=\"elementor-widget-container\">\n\t\t\t\t\t\t\t<div class=\"wd-text-block reset-last-child text-left\">\n\t\t\t\n\t\t\t<p>BenniNut GmbH<br \/>K\u00f6nigsallee 27<br \/>40213 D\u00fcsseldorf<br \/>Deutschland<\/p><p>Vertretungsberechtigter Gesch\u00e4ftsf\u00fchrer:<br \/>Herr Farsi<\/p><p>Kontakt:<br \/>Telefon: [Telefonnummer]<br \/>E-Mail: info@benninut.de<br \/>Web: www.benninut.de<\/p><p>Registereintrag:<br \/>Handelsregister: Amtsgericht D\u00fcsseldorf<br \/>Handelsregisternummer: HRB [wird nachgereicht]<\/p><p>Umsatzsteuer-ID gem\u00e4\u00df \u00a7 27a UStG:<br \/>[Wird nachgereicht]<\/p><p>---<\/p><p>Verantwortlich f\u00fcr den Inhalt nach \u00a7 55 Abs. 2 RStV:<\/p><p>Herr Farsi<br \/>Adresse wie oben<\/p><p>---<\/p><p>Hosting und technische Betreuung:<\/p><p>IONOS SE<br \/>Elgendorfer Stra\u00dfe 57<br \/>56410 Montabaur<br \/>Deutschland<br \/>www.ionos.de<\/p><p>\u00a0<\/p><p>Haftungsausschluss:<\/p><p>Trotz sorgf\u00e4ltiger inhaltlicher Kontrolle \u00fcbernehmen wir keine Haftung f\u00fcr die Inhalte externer Links.<br \/>F\u00fcr den Inhalt der verlinkten Seiten sind ausschlie\u00dflich deren Betreiber verantwortlich.<\/p><p>\u00a0<\/p><p>Alternative Streitbeilegung:<\/p><p>Die Europ\u00e4ische Kommission stellt eine Plattform zur Online-Streitbeilegung (OS) bereit:<br \/>https:\/\/ec.europa.eu\/consumers\/odr<\/p><p>Wir sind nicht verpflichtet und nicht bereit, an einem Streitbeilegungsverfahren vor einer Verbraucherschlichtungsstelle teilzunehmen.<\/p><p>\u00a0<\/p><p>BenniNut GmbH \u2013 info@benninut.de \u2013 www.benninut.de<\/p>\n\t\t\t\t\t<\/div>\n\t\t\t\t\t\t<\/div>\n\t\t\t\t<\/div>\n\t\t\t\t<\/div>\n\t\t\t\t\t<\/div>\n\t\t\t\t<\/div>\n\t\t\t\t<\/div>","protected":false},"excerpt":{"rendered":"<p>Angaben gem\u00e4\u00df \u00a7 5 TMG: BenniNut GmbHK\u00f6nigsallee 2740213 D\u00fcsseldorfDeutschland Vertretungsberechtigter Gesch\u00e4ftsf\u00fchrer:Herr Farsi Kontakt:Telefon: [Telefonnummer]E-Mail: info@benninut.deWeb: www.benninut.de Registereintrag:Handelsregister: Amtsgericht D\u00fcsseldorfHandelsregisternummer: HRB<\/p>","protected":false},"author":1,"featured_media":0,"parent":0,"menu_order":0,"comment_status":"closed","ping_status":"closed","template":"","meta":{"footnotes":""},"class_list":["post-2569","page","type-page","status-publish","hentry"],"_links":{"self":[{"href":"https:\/\/benninut.de\/en\/wp-json\/wp\/v2\/pages\/2569","targetHints":{"allow":["GET"]}}],"collection":[{"href":"https:\/\/benninut.de\/en\/wp-json\/wp\/v2\/pages"}],"about":[{"href":"https:\/\/benninut.de\/en\/wp-json\/wp\/v2\/types\/page"}],"author":[{"embeddable":true,"href":"https:\/\/benninut.de\/en\/wp-json\/wp\/v2\/users\/1"}],"replies":[{"embeddable":true,"href":"https:\/\/benninut.de\/en\/wp-json\/wp\/v2\/comments?post=2569"}],"version-history":[{"count":5,"href":"https:\/\/benninut.de\/en\/wp-json\/wp\/v2\/pages\/2569\/revisions"}],"predecessor-version":[{"id":3274,"href":"https:\/\/benninut.de\/en\/wp-json\/wp\/v2\/pages\/2569\/revisions\/3274"}],"wp:attachment":[{"href":"https:\/\/benninut.de\/en\/wp-json\/wp\/v2\/media?parent=2569"}],"curies":[{"name":"wp","href":"https:\/\/api.w.org\/{rel}","templated":true}]}}