{"id":2567,"date":"2025-05-16T16:40:08","date_gmt":"2025-05-16T14:40:08","guid":{"rendered":"https:\/\/benninut.de\/?page_id=2567"},"modified":"2025-05-28T16:49:36","modified_gmt":"2025-05-28T14:49:36","slug":"widerrufsrecht","status":"publish","type":"page","link":"https:\/\/benninut.de\/en\/widerrufsrecht\/","title":{"rendered":"Right of withdrawal"},"content":{"rendered":"<div data-elementor-type=\"wp-page\" data-elementor-id=\"2567\" class=\"elementor elementor-2567\" data-elementor-post-type=\"page\">\n\t\t\t\t<div class=\"wd-negative-gap elementor-element elementor-element-c7828cf e-flex e-con-boxed e-con e-parent\" data-id=\"c7828cf\" data-element_type=\"container\">\n\t\t\t\t\t<div class=\"e-con-inner\">\n\t\t<div class=\"elementor-element elementor-element-c3d0b67 e-con-full e-flex e-con e-child\" data-id=\"c3d0b67\" data-element_type=\"container\" data-settings=\"{&quot;background_background&quot;:&quot;classic&quot;}\">\n\t\t\t\t<div class=\"elementor-element elementor-element-775fcfa wd-width-100 elementor-widget elementor-widget-wd_title\" data-id=\"775fcfa\" data-element_type=\"widget\" data-widget_type=\"wd_title.default\">\n\t\t\t\t<div class=\"elementor-widget-container\">\n\t\t\t\t\t\t\t<div class=\"title-wrapper wd-set-mb reset-last-child wd-title-color-default wd-title-style-default wd-title-size-default text-left\">\n\n\t\t\t\n\t\t\t<div class=\"liner-continer\">\n\t\t\t\t<h4 class=\"woodmart-title-container title wd-fontsize-l\">Kein Widerrufsrecht f\u00fcr Lebensmittel<\/h4> \n\t\t\t\t\t\t\t<\/div>\n\n\t\t\t\t\t<\/div>\n\t\t\t\t\t\t<\/div>\n\t\t\t\t<\/div>\n\t\t\t\t<div class=\"elementor-element elementor-element-742e69e elementor-widget elementor-widget-wd_text_block\" data-id=\"742e69e\" data-element_type=\"widget\" data-widget_type=\"wd_text_block.default\">\n\t\t\t\t<div class=\"elementor-widget-container\">\n\t\t\t\t\t\t\t<div class=\"wd-text-block reset-last-child text-left\">\n\t\t\t\n\t\t\t<p>Gem\u00e4\u00df \u00a7\u202f312g Abs.\u202f2 Nr.\u202f2 BGB besteht kein Widerrufsrecht bei Vertr\u00e4gen \u00fcber die Lieferung versiegelter Waren, die aus Gr\u00fcnden des Gesundheitsschutzes oder der Hygiene nicht zur R\u00fcckgabe geeignet sind, wenn ihre Versiegelung nach der Lieferung entfernt wurde.<\/p><p>Unsere Produkte (z.\u202fB. N\u00fcsse, Trockenfr\u00fcchte, Pistazien) sind Lebensmittel mit begrenzter Haltbarkeit und werden in versiegelten Verpackungen geliefert.<br \/>Ein Widerruf ist nach \u00d6ffnung der Verpackung ausgeschlossen.<\/p><p>---<\/p><p>Ausnahmef\u00e4lle mit Widerrufsrecht<\/p><p>Ein Widerrufsrecht kann ausnahmsweise bestehen bei:<\/p><p>unge\u00f6ffneten Produkten<\/p><p>falscher Lieferung durch BenniNut<\/p><p>\u00a0<\/p><p>---<\/p><p>R\u00fccksendekosten<\/p><p>Fehler durch BenniNut (z.\u202fB. falsche Ware): Wir \u00fcbernehmen die R\u00fccksendekosten.<\/p><p>Fehler durch Kunden (z.\u202fB. Fehlbestellung): R\u00fccksendekosten tr\u00e4gt der Kunde.<\/p><p>\u00a0<\/p><p>---<\/p><p>Keine R\u00fcckgabe von Sonderanfertigungen<\/p><p>Sonderanfertigungen oder personalisierte Produkte sind grunds\u00e4tzlich vom Widerrufsrecht ausgeschlossen.<\/p><p>---<\/p><p>Widerruf bei Nicht-Lebensmitteln<\/p><p>Sollten k\u00fcnftig auch nicht-lebensmittelbezogene Produkte (z.\u202fB. Zubeh\u00f6r, Werbeartikel) angeboten werden, gilt f\u00fcr diese ein gesetzliches Widerrufsrecht von 14 Tagen nach Erhalt, sofern keine Ausnahmen greifen.<\/p><p>---<\/p><p>Widerrufsformular<\/p><p>Wenn Sie einen Widerruf geltend machen m\u00f6chten, gen\u00fcgt eine formlose E-Mail an:<br \/>info@benninut.de<br \/>Auf Wunsch stellen wir Ihnen auch ein standardisiertes Widerrufsformular zur Verf\u00fcgung.<\/p><p>---<\/p><p>BenniNut GmbH \u2013 www.benninut.de \u2013 info@benninut.de<\/p>\n\t\t\t\t\t<\/div>\n\t\t\t\t\t\t<\/div>\n\t\t\t\t<\/div>\n\t\t\t\t<\/div>\n\t\t\t\t\t<\/div>\n\t\t\t\t<\/div>\n\t\t\t\t<\/div>","protected":false},"excerpt":{"rendered":"<p>Kein Widerrufsrecht f\u00fcr Lebensmittel Gem\u00e4\u00df \u00a7\u202f312g Abs.\u202f2 Nr.\u202f2 BGB besteht kein Widerrufsrecht bei Vertr\u00e4gen \u00fcber die Lieferung versiegelter Waren, die<\/p>","protected":false},"author":1,"featured_media":0,"parent":0,"menu_order":0,"comment_status":"closed","ping_status":"closed","template":"","meta":{"footnotes":""},"class_list":["post-2567","page","type-page","status-publish","hentry"],"_links":{"self":[{"href":"https:\/\/benninut.de\/en\/wp-json\/wp\/v2\/pages\/2567","targetHints":{"allow":["GET"]}}],"collection":[{"href":"https:\/\/benninut.de\/en\/wp-json\/wp\/v2\/pages"}],"about":[{"href":"https:\/\/benninut.de\/en\/wp-json\/wp\/v2\/types\/page"}],"author":[{"embeddable":true,"href":"https:\/\/benninut.de\/en\/wp-json\/wp\/v2\/users\/1"}],"replies":[{"embeddable":true,"href":"https:\/\/benninut.de\/en\/wp-json\/wp\/v2\/comments?post=2567"}],"version-history":[{"count":5,"href":"https:\/\/benninut.de\/en\/wp-json\/wp\/v2\/pages\/2567\/revisions"}],"predecessor-version":[{"id":3271,"href":"https:\/\/benninut.de\/en\/wp-json\/wp\/v2\/pages\/2567\/revisions\/3271"}],"wp:attachment":[{"href":"https:\/\/benninut.de\/en\/wp-json\/wp\/v2\/media?parent=2567"}],"curies":[{"name":"wp","href":"https:\/\/api.w.org\/{rel}","templated":true}]}}