{"id":2565,"date":"2025-05-16T16:39:45","date_gmt":"2025-05-16T14:39:45","guid":{"rendered":"https:\/\/benninut.de\/?page_id=2565"},"modified":"2025-05-28T16:48:53","modified_gmt":"2025-05-28T14:48:53","slug":"cookie-einstellungen","status":"publish","type":"page","link":"https:\/\/benninut.de\/en\/cookie-einstellungen\/","title":{"rendered":"Cookie settings"},"content":{"rendered":"<div data-elementor-type=\"wp-page\" data-elementor-id=\"2565\" class=\"elementor elementor-2565\" data-elementor-post-type=\"page\">\n\t\t\t\t<div class=\"wd-negative-gap elementor-element elementor-element-1d3b8f3 e-flex e-con-boxed e-con e-parent\" data-id=\"1d3b8f3\" data-element_type=\"container\">\n\t\t\t\t\t<div class=\"e-con-inner\">\n\t\t<div class=\"elementor-element elementor-element-a66f2a7 e-con-full e-flex e-con e-child\" data-id=\"a66f2a7\" data-element_type=\"container\" data-settings=\"{&quot;background_background&quot;:&quot;classic&quot;}\">\n\t\t\t\t<div class=\"elementor-element elementor-element-64569db wd-width-100 elementor-widget elementor-widget-wd_title\" data-id=\"64569db\" data-element_type=\"widget\" data-widget_type=\"wd_title.default\">\n\t\t\t\t<div class=\"elementor-widget-container\">\n\t\t\t\t\t\t\t<div class=\"title-wrapper wd-set-mb reset-last-child wd-title-color-default wd-title-style-default wd-title-size-default text-left\">\n\n\t\t\t\n\t\t\t<div class=\"liner-continer\">\n\t\t\t\t<h4 class=\"woodmart-title-container title wd-fontsize-l\">Verwendung von Cookies<\/h4> \n\t\t\t\t\t\t\t<\/div>\n\n\t\t\t\t\t<\/div>\n\t\t\t\t\t\t<\/div>\n\t\t\t\t<\/div>\n\t\t\t\t<div class=\"elementor-element elementor-element-7a990f6 elementor-widget elementor-widget-wd_text_block\" data-id=\"7a990f6\" data-element_type=\"widget\" data-widget_type=\"wd_text_block.default\">\n\t\t\t\t<div class=\"elementor-widget-container\">\n\t\t\t\t\t\t\t<div class=\"wd-text-block reset-last-child text-left\">\n\t\t\t\n\t\t\t<p>Unsere Website verwendet Cookies und vergleichbare Technologien, um die Nutzererfahrung zu verbessern, die Nutzung zu analysieren und relevante Inhalte anzuzeigen. Einige Cookies sind technisch notwendig, andere dienen der Statistik oder dem Marketing.<\/p><p>---<\/p><p>Cookie-Kategorien<\/p><p>1. Notwendige Cookies<br \/>Erforderlich f\u00fcr Grundfunktionen der Website wie Warenkorb, Login oder Spracheinstellungen.<br \/>Beispiel: Sitzungsverwaltung, CSRF-Schutz<\/p><p>2. Statistik \/ Analyse<br \/>Erm\u00f6glichen uns zu verstehen, wie Besucher unsere Website nutzen (z.\u202fB. mit Google Analytics oder WooCommerce Analytics).<\/p><p>3. Marketing &amp; Tracking<br \/>Diese Cookies werden eingesetzt, um Werbung personalisiert anzuzeigen (z.\u202fB. \u00fcber Facebook Pixel, TikTok Pixel, Google Ads).<\/p><p>4. Komfortfunktionen<br \/>Z.\u202fB. Speicherung von Sprache, Merkliste oder letzte Produkte.<\/p><p>---<\/p><p>Einwilligung &amp; Verwaltung<\/p><p>Beim ersten Besuch unserer Website erscheint ein Cookie-Banner, \u00fcber den Sie Ihre Einwilligung individuell erteilen oder verweigern k\u00f6nnen.<br \/>Sie k\u00f6nnen Ihre Einstellungen jederzeit im Footer unter \"Cookie-Einstellungen\" \u00e4ndern oder Ihre Einwilligung widerrufen.<\/p><p>---<\/p><p>Drittanbieter &amp; Daten\u00fcbertragung<\/p><p>Einige Dienste k\u00f6nnen Daten in Drittstaaten wie die USA \u00fcbermitteln. Wir achten darauf, dass entsprechende Garantien gem\u00e4\u00df Art. 46 DSGVO vorliegen (Standardvertragsklauseln).<\/p><p>---<\/p><p>Weitere Informationen finden Sie in unserer [Datenschutzerkl\u00e4rung].<\/p><p>---<\/p><p>BenniNut GmbH \u2013 info@benninut.de \u2013 www.benninut.de<\/p>\n\t\t\t\t\t<\/div>\n\t\t\t\t\t\t<\/div>\n\t\t\t\t<\/div>\n\t\t\t\t<\/div>\n\t\t\t\t\t<\/div>\n\t\t\t\t<\/div>\n\t\t\t\t<\/div>","protected":false},"excerpt":{"rendered":"<p>Verwendung von Cookies Unsere Website verwendet Cookies und vergleichbare Technologien, um die Nutzererfahrung zu verbessern, die Nutzung zu analysieren und<\/p>","protected":false},"author":1,"featured_media":0,"parent":0,"menu_order":0,"comment_status":"closed","ping_status":"closed","template":"","meta":{"footnotes":""},"class_list":["post-2565","page","type-page","status-publish","hentry"],"_links":{"self":[{"href":"https:\/\/benninut.de\/en\/wp-json\/wp\/v2\/pages\/2565","targetHints":{"allow":["GET"]}}],"collection":[{"href":"https:\/\/benninut.de\/en\/wp-json\/wp\/v2\/pages"}],"about":[{"href":"https:\/\/benninut.de\/en\/wp-json\/wp\/v2\/types\/page"}],"author":[{"embeddable":true,"href":"https:\/\/benninut.de\/en\/wp-json\/wp\/v2\/users\/1"}],"replies":[{"embeddable":true,"href":"https:\/\/benninut.de\/en\/wp-json\/wp\/v2\/comments?post=2565"}],"version-history":[{"count":5,"href":"https:\/\/benninut.de\/en\/wp-json\/wp\/v2\/pages\/2565\/revisions"}],"predecessor-version":[{"id":3268,"href":"https:\/\/benninut.de\/en\/wp-json\/wp\/v2\/pages\/2565\/revisions\/3268"}],"wp:attachment":[{"href":"https:\/\/benninut.de\/en\/wp-json\/wp\/v2\/media?parent=2565"}],"curies":[{"name":"wp","href":"https:\/\/api.w.org\/{rel}","templated":true}]}}